{"id":548,"date":"2015-08-25T14:10:17","date_gmt":"2015-08-25T14:10:17","guid":{"rendered":"http:\/\/lehrer-fruehrente.de\/?page_id=548"},"modified":"2024-05-14T09:14:59","modified_gmt":"2024-05-14T09:14:59","slug":"kontakt-2","status":"publish","type":"page","link":"https:\/\/lehrer-fruehrente.de\/?page_id=548","title":{"rendered":"Kontakt"},"content":{"rendered":"<div class=\"art-content-layout-wrapper layout-item-0\">\n<div class=\"art-content-layout layout-item-1\">\n<div class=\"art-content-layout-row\">\n<div class=\"art-layout-cell layout-item-2\" style=\"width: 50%;\"><span style=\"color: #1d5c8c;\"><br \/>\n<\/span><span style=\"font-size: 14px;\"><span style=\"font-size: 14px;\"><span style=\"-webkit-border-vertical-spacing: 10px; color: #ffffff;\"><br \/>\n<\/span><\/span><\/span><span style=\"font-size: 14px;\"><span style=\"font-size: 14px;\"><span style=\"font-family: Verdana;\"><span style=\"-webkit-border-vertical-spacing: 10px; color: #ffffff;\">Z\u00f6gern Sie nicht\u00a0<\/span><span style=\"-webkit-border-vertical-spacing: 10px; color: #ffffff;\">mit uns Kontakt aufzunehmen.\u00a0Sie werden sehen, wir sind v\u00f6llig unb\u00fcrokratisch.<\/span><\/span><\/span><\/span><\/p>\n<p><span style=\"font-size: 14px;\"><span style=\"font-size: 14px;\"><span style=\"font-family: Verdana;\"><span style=\"color: #ffffff;\">Sie erreichen uns per unter:<\/span><\/span><\/span><\/span><span style=\"color: #8e9d0c;\"><span style=\"font-weight: bold;\">0 77 51 &#8211; 5446<\/span><br \/>\n<\/span><\/p>\n<p><span style=\"font-size: 14px;\"><span style=\"font-size: 14px;\"><span style=\"font-family: Verdana;\"><br \/>\n<span style=\"color: #ffffff;\">Oder per Anfrage \u00fcber:<\/span><\/span><\/span><\/span><span style=\"color: #8e9d0c; font-weight: bold;\"><a href=\"https:\/\/schildroth.typeform.com\/to\/g8S8exku\">Anfrageformular<\/a><\/span><\/p>\n<p><span style=\"color: #ffffff;\">Beratungszeiten:<br \/>\n<\/span><br \/>\n<span style=\"color: #ffffff;\">Montag: \u00a0 \u00a0 \u00a0 \u00a09.00 &#8211; 16.00<br \/>\nDienstag: \u00a0 \u00a0 \u00a09.00 &#8211; 16.00<br \/>\nMittwoch: \u00a0 \u00a0 \u00a09.00 &#8211; 16.00<br \/>\nDonnerstag: \u00a09.00 &#8211; 16.00\u00a0<\/span><br \/>\n<span style=\"color: #ffffff;\">Freitag \u00a0 \u00a0 \u00a0 \u00a0 \u00a09.00 &#8211; 14.00<\/span><\/p>\n<p>&nbsp;<\/p>\n<p>&nbsp;<\/p>\n<p style=\"text-align: right;\"><span style=\"color: #8e9d0c; font-size: 14px;\">\u00a0<\/span><\/p>\n<\/div>\n<div class=\"art-layout-cell layout-item-3\" style=\"width: 50%;\">\n<p><img decoding=\"async\" loading=\"lazy\" class=\"art-lightbox\" style=\"float: right; margin-right: 21px; border-width: 0px;\" src=\"http:\/\/lehrer-fruehrente.de\/wp-content\/uploads\/2015\/08\/20130618_113414.jpg\" alt=\"\" width=\"240\" height=\"180\" \/><\/p>\n<p><span style=\"color: #1d5c8c;\">\u00a0http<br \/>\n:<br \/>\n<\/span><\/p>\n<p>&nbsp;<\/p>\n<p class=\"MsoNormal\" style=\"margin-bottom: 0.0001pt; text-align: center;\" align=\"center\"><span style=\"color: #1d5c8c;\"><span style=\"font-family: Verdana, sans-serif; font-size: 14px;\">www.lehrer-fruehrente.de<\/span><\/span><\/p>\n<p class=\"MsoNormal\" style=\"margin-bottom: 0.0001pt; text-align: center;\" align=\"center\"><span style=\"font-family: Verdana, sans-serif; font-size: 14px;\">Zickenrott<br \/>\n<span style=\"color: #8e9d0c; font-weight: bold;\">Informationsdienstleistungen<\/span><\/span><\/p>\n<p class=\"MsoNormal\" style=\"margin-bottom: 0.0001pt; text-align: center;\" align=\"center\"><span style=\"font-family: Verdana, sans-serif; font-size: 14px;\">Peter Zickenrott<\/span><\/p>\n<p class=\"MsoNormal\" style=\"margin-bottom: 0.0001pt; text-align: center;\" align=\"center\"><span style=\"font-family: Verdana, sans-serif; font-size: 14px;\">Beethovenstr. 15<\/span><\/p>\n<p class=\"MsoNormal\" style=\"margin-bottom: 0.0001pt; text-align: center;\" align=\"center\"><span style=\"font-family: Verdana, sans-serif; font-size: 14px;\">79761 Waldshut-Tiengen<\/span><\/p>\n<p>&nbsp;<\/p>\n<\/div>\n<\/div>\n<\/div>\n<\/div>\n<div class=\"art-content-layout\">\n<div class=\"art-content-layout-row\">\n<div class=\"art-layout-cell layout-item-4\" style=\"width: 33%;\">\n<p>&nbsp;<\/p>\n<\/div>\n<div class=\"art-layout-cell layout-item-4\" style=\"width: 67%;\">\n","protected":false},"excerpt":{"rendered":"<p>Z\u00f6gern Sie nicht\u00a0mit uns Kontakt aufzunehmen.\u00a0Sie werden sehen, wir sind v\u00f6llig unb\u00fcrokratisch. Sie erreichen uns per unter:0 77 51 &#8211; 5446 Oder per Anfrage \u00fcber:Anfrageformular Beratungszeiten: Montag: \u00a0 \u00a0 \u00a0 \u00a09.00 &#8211; 16.00 Dienstag: \u00a0 \u00a0 \u00a09.00 &#8211; 16.00 Mittwoch: \u00a0 \u00a0 \u00a09.00 &#8211; 16.00 Donnerstag: \u00a09.00 &#8211; 16.00\u00a0 Freitag \u00a0 \u00a0 \u00a0 \u00a0 \u00a09.00 [&hellip;]<\/p>\n","protected":false},"author":5,"featured_media":0,"parent":0,"menu_order":11,"comment_status":"closed","ping_status":"closed","template":"","meta":[],"_links":{"self":[{"href":"https:\/\/lehrer-fruehrente.de\/index.php?rest_route=\/wp\/v2\/pages\/548"}],"collection":[{"href":"https:\/\/lehrer-fruehrente.de\/index.php?rest_route=\/wp\/v2\/pages"}],"about":[{"href":"https:\/\/lehrer-fruehrente.de\/index.php?rest_route=\/wp\/v2\/types\/page"}],"author":[{"embeddable":true,"href":"https:\/\/lehrer-fruehrente.de\/index.php?rest_route=\/wp\/v2\/users\/5"}],"replies":[{"embeddable":true,"href":"https:\/\/lehrer-fruehrente.de\/index.php?rest_route=%2Fwp%2Fv2%2Fcomments&post=548"}],"version-history":[{"count":8,"href":"https:\/\/lehrer-fruehrente.de\/index.php?rest_route=\/wp\/v2\/pages\/548\/revisions"}],"predecessor-version":[{"id":1129,"href":"https:\/\/lehrer-fruehrente.de\/index.php?rest_route=\/wp\/v2\/pages\/548\/revisions\/1129"}],"wp:attachment":[{"href":"https:\/\/lehrer-fruehrente.de\/index.php?rest_route=%2Fwp%2Fv2%2Fmedia&parent=548"}],"curies":[{"name":"wp","href":"https:\/\/api.w.org\/{rel}","templated":true}]}}