{"id":543,"date":"2015-08-25T14:10:12","date_gmt":"2015-08-25T14:10:12","guid":{"rendered":"http:\/\/lehrer-fruehrente.de\/?page_id=543"},"modified":"2023-02-14T13:29:07","modified_gmt":"2023-02-14T13:29:07","slug":"rundum-sorglos-paket","status":"publish","type":"page","link":"https:\/\/lehrer-fruehrente.de\/?page_id=543","title":{"rendered":"Rundum-Sorglos-Paket"},"content":{"rendered":"<div class=\"art-content-layout\">\n<div class=\"art-content-layout-row\">\n<div class=\"art-layout-cell layout-item-0\" style=\"width: 100%;\">\n<p style=\"margin: 9pt 0cm 9pt 0cm;\"><span style=\"color: #ffffff; font-family: Verdana;\">Dieses Paket eignet sich f\u00fcr jeden Beamten, der eine<br \/>\nFr\u00fchpensionierung (z.B. aufgrund psychischer \u00dcberlastung) anstrebt und der von<br \/>\nAnfang an im Sinne seines Zieles \u201ealles richtig\u201c machen und Fehler vermeiden<br \/>\nm\u00f6chte.<\/span><\/p>\n<p style=\"margin: 9pt 0cm 9pt 0cm;\"><span style=\"color: #ffffff; font-family: Verdana;\">Unser Paket beinhaltet umfangreichste schriftliche Unterlagen<br \/>\nf\u00fcr alle nur denkbaren Situationen auf Ihrem Weg in die Dienstunf\u00e4higkeit sowie<br \/>\ndie komplette Betreuung und unlimitierte Beratung, bis Ihre Dienstunf\u00e4higkeit<br \/>\nerreicht ist.<\/span><\/p>\n<p style=\"margin: 9pt 0cm 9pt 0cm;\"><span style=\"color: #ffffff; font-family: Verdana;\">Es bietet die optimale Betreuung von Anfang an und stellt<br \/>\nsicher, dass Ihre Beschwerden auch zu den entsprechenden Diagnosen f\u00fchren oder bestehende<br \/>\n(Fehl)Diagnosen gegebenenfalls korrigiert werden. Wir helfen Ihnen, den<br \/>\nrichtigen Umgang mit Ihren \u00c4rzten, Fach\u00e4rzten oder auch Therapeuten zu finden.<\/span><\/p>\n<p style=\"margin: 9pt 0cm 9pt 0cm;\"><span style=\"color: #ffffff; font-family: Verdana;\">Wie l\u00e4uft das konkret ab? Schritt f\u00fcr Schritt, siehe folgendes<br \/>\nBeispiel:<\/span><\/p>\n<p class=\"MsoNormal\" style=\"margin-bottom: 0.0001pt;\"><span style=\"color: #ffffff; font-family: Verdana;\">Sie f\u00fchlen sich nicht<br \/>\nmehr belastbar, sind unzufrieden oder leiden bereits an einer seelischen<br \/>\nSt\u00f6rung\/Erkrankung? Sie wollen oder m\u00fcssen die Rei\u00dfleine ziehen? Dann bereiten<br \/>\nwir Sie auf den ersten Arztbesuch vor und sorgen somit daf\u00fcr, dass Sie sich so<br \/>\n\u00e4u\u00dfern k\u00f6nnen, dass der Arzt auch gleich erkennt was Ihnen fehlt und die<br \/>\nrichtigen Schritte einleitet. Sie berichten uns von diesem Arztbesuch (was<br \/>\nhaben Sie gesagt, wie hat er reagiert, was hat er Ihnen verordnet, hat er Sie<br \/>\nkrankgeschrieben, hat er Sie \u00fcberwiesen usw.) und wir planen anhand Ihres<br \/>\nFeedbacks den n\u00e4chsten Arztbesuch usw. usw. Sie sind nie alleingelassen, bis<br \/>\nhin zur Amts\u00e4rztlichen Begutachtung.<\/span><\/p>\n<p style=\"margin: 9pt 0cm 9pt 0cm;\"><span style=\"color: #ffffff; font-family: Verdana;\">Auf dem Weg in die Dienstunf\u00e4higkeit \u201edroht\u201c nicht selten eine<br \/>\nvom Amtsarzt aufgezwungene Rehabilitationsma\u00dfnahme, siehe Beamtengesetz, \u00a7 46:<\/span><\/p>\n<p style=\"padding-left: 60px; margin: 9pt 0cm 9pt 0cm;\"><span style=\"font-family: Verdana;\"><i><span style=\"color: #ffffff;\">\u201eBeamtinnen<br \/>\nund Beamte sind verpflichtet, zur Wiederherstellung ihrer Dienstf\u00e4higkeit an<br \/>\ngeeigneten und zumutbaren gesundheitlichen und beruflichen<br \/>\nRehabilitationsma\u00dfnahmen teilzunehmen. Diese Verpflichtung gilt auch zur<br \/>\nVermeidung einer drohenden Dienstunf\u00e4higkeit. Vor der Versetzung in den<br \/>\nRuhestand sind sie auf diese Pflicht hinzuweisen\u2026\u2026\u201c<\/span><\/i><i><\/i><\/span><\/p>\n<p style=\"margin: 9pt 0cm 9pt 0cm;\"><span style=\"color: #ffffff; font-family: Verdana;\">Sicher begleiten wir Sie durch die intensive Zeit in der<br \/>\nRehabilitationma\u00dfnahme und helfen Ihnen sich so zu positionieren, dass der<br \/>\nEntlassungsbericht in Ihrem Sinne ausf\u00e4llt.\u00a0Sie erhalten von uns<br \/>\nausf\u00fchrliches weiterf\u00fchrendes schriftliches Material, welches Sie perfekt auf<br \/>\ndie Abl\u00e4ufe w\u00e4hrend der Reha vorbereitet. Sie werden auch \u00fcber alle zu<br \/>\nerwartenden testpsychologischen Verfahren aufgekl\u00e4rt, inkl. L\u00f6sung. Diese<br \/>\nMaterialien erhalten Sie digital, also in der idealen Form um sie auf dem<br \/>\nSmartphone abzuspeichern.<\/span><\/p>\n<p style=\"margin: 9pt 0cm 9pt 0cm;\"><span style=\"color: #ffffff; font-family: Verdana;\">W\u00e4hrend der Rehama\u00dfnahme sind Sie direkt und indirekt \u201eunter<br \/>\nst\u00e4ndiger Beobachtung&#8220;, werden mit unz\u00e4hligen Therapiema\u00dfnahmen, aber auch<br \/>\nmit Freizeitangeboten konfrontiert. Somit stellt der Aufenthalt in der<br \/>\nReha-Klinik eine riesige Chance auf dem Weg in Ihre Dienstunf\u00e4higkeit dar, die<br \/>\nes zu nutzen gilt. Gleichzeitig kann die Reha aber auch Ihren Erfolg gef\u00e4hrden,<br \/>\nwenn Sie die Fallstricke, die dort auf Sie warten, nicht erkennen. Vermutlich<br \/>\nahnen Sie gar nicht, welche scheinbaren Nebens\u00e4chlichkeiten in Ihrem<br \/>\nEntlassungsbericht stehen werden!\u00a0Ein Beispiel: \u201eDie Patientin klagte<br \/>\nh\u00e4ufig \u00fcber ihre ausgepr\u00e4gten sozialen \u00c4ngsten, nahm aber das Mittagessen stets<br \/>\nzusammen mit anderen Patienten ein. Dabei f\u00fchrte sie nicht selten lebhafte<br \/>\nGespr\u00e4che &#8230;&#8220;<\/p>\n<p>Die Reha-Betreuung ist der intensivste Teil der Zusammenarbeit mit uns. W\u00e4hrend<br \/>\nder\u00a0\u00a0Rehabilitations-ma\u00dfnahme sind oft t\u00e4gliche<br \/>\nGespr\u00e4che\u00a0notwendig \u00fcber einen Zeitraum von 4-6 Wochen.\u00a0<\/span><\/p>\n<p style=\"margin: 9pt 0cm 9pt 0cm;\"><span style=\"color: #ffffff; font-family: Verdana;\">Nach der Reha bereiten wir Sie auf die amts\u00e4rztliche<br \/>\nBegutachtung vor.<\/span><\/p>\n<p style=\"margin: 9pt 0cm 9pt 0cm;\"><span style=\"color: #ffffff; font-family: Verdana;\">Zu diesem Teil unserer Betreuung geh\u00f6rt wiederum ausf\u00fchrliches<br \/>\nInformationsmaterial zur Vorbereitung auf die amts\u00e4rztliche Begutachtung. Dazu<br \/>\ngeh\u00f6ren auch unsere beliebten Lerngutachten. Dies sind entpersonifizierte<br \/>\nGutachten von Personen, die es auf eigene Faust versucht hatten und mit ihrem<br \/>\nVorhaben gescheitert sind.<\/span><\/p>\n<p><span style=\"line-height: 115%; color: #ffffff;\"><span style=\"font-family: Verdana;\">F\u00fcr unsere Kunden, die<br \/>\nzus\u00e4tzlich eine private Berufsunf\u00e4higkeitsversicherung ohne echte Beamtenklausel<br \/>\nhaben, erfolgt zus\u00e4tzlich die Vorbereitung auf die besonders bei<br \/>\nVersicherungsgutachtern so beliebten \u201eBeschwerdevalidierungstests\u201c, die dazu<br \/>\neingesetzt werden um &#8211; nett ausgedr\u00fcckt &#8211; \u201eVerdeutlichungstendenzen\u201c<br \/>\naufzudecken.<\/p>\n<p>Diese Gutachter machen aus Kranken im Sinne ihres Auftraggebers gerne<br \/>\nSimulanten, in dem sie unter Zuhilfenahme dieser Tests nach \u201eInkonsistenzen\u201c in<br \/>\nden Schilderungen ihrer \u201eOpfer\u201c detektivisch fahnden. Unsere Kunden kennen alle<br \/>\ndiese Tests und auch deren Auswertung. Als Abschluss zur Vorbereitung erfolgen telefonische<br \/>\nBegutachtungstrainings in Form von Rollenspielen mit Feedback zu Ihren<br \/>\nSchilderungen und Verbesserungsvorschl\u00e4gen.<\/span><\/span><\/p>\n<\/div>\n<\/div>\n<\/div>\n<div class=\"art-content-layout\">\n<div class=\"art-content-layout-row\">\n<div class=\"art-layout-cell layout-item-1\" style=\"width: 100%;\">\n<p><span style=\"font-family: Verdana; color: #164469;\"><span style=\"font-weight: bold; font-size: 14px; color: #164469;\">Preis Auf Anfrage<\/span><\/p>\n<p>Zahlungsmodalit\u00e4ten: Sehr flexibel. Wir gehen gerne auf die W\u00fcnsche unserer Kunden ein.<\/p>\n<p>Bsp. : Anzahlung, dann max. 24 monatliche Raten<\/p>\n<p>Im Normalfall sind Sie jedenfalls l\u00e4ngst im Ruhestand, bevor Sie uns vollst\u00e4ndig bezahlt haben!<\/span><\/p>\n<p><a href=\"tel:07751\u20135446\" target=\"_self\" class=\"art-button\" style=\"margin-bottom:10px!important;margin-top:10px!important;\" rel=\"noopener\">Jetzt anrufen<\/a><br \/>\n<a href=\"https:\/\/schildroth.typeform.com\/to\/g8S8exku?typeform-source=fruehpension.net\" target=\"_self\" class=\"art-button\" rel=\"noopener\">Kostenlose Erstberatung<\/a>\n<\/div>\n<\/div>\n<\/div>\n<div class=\"art-content-layout\">\n<div class=\"art-content-layout-row\">\n<div class=\"art-layout-cell layout-item-2\" style=\"width: 100%;\">\n<p><span style=\"font-family: Verdana; color: #164469;\"><span style=\"font-weight: bold; font-size: 14px; color: #164469;\">Achtung, Sonderprogramm, kostenlos*<\/span><\/p>\n<p>F\u00fcr einen eng begrenzten Personenkreis arbeiten wir bis zur Zurruhesetzung kostenlos. Das Programm ist so ausgestaltet, dass Sie nach Ihrer Zurruhesetzung keinerlei finanzielle Einbu\u00dfen haben, d.h. Ihre monatlichen Bez\u00fcge sind im Vorruhestand genauso hoch, wie wenn Sie bis zum gesetzlichen Pensionsalter weiter arbeiten w\u00fcrden.<\/p>\n<p><\/span><\/p>\n<p>Voraussetzungen:<\/p>\n<ul>\n<li>Sie sind Beamter\/Beamtin auf Lebenszeit<\/li>\n<li>Sie sind zwischen 35 und 52 Jahre alt<\/li>\n<li>Sie sind k\u00f6rperlich einigerma\u00dfen gesund<\/li>\n<li>Bei Ihnen wurden noch keine psychischen\/seelischen Diagnosen gestellt<\/li>\n<\/ul>\n<p>&nbsp;<\/p>\n<p><span style=\"font-family: Verdana; color: #164469;\"><\/p>\n<p>* Wie wir uns bei diesem Programm finanzieren, wie es abl\u00e4uft, ob Sie daf\u00fcr in Frage kommen usw. erkl\u00e4ren wir gern telefonisch oder im Rahmen des kostenlosen Vorgespr\u00e4ches bei uns vor Ort.<\/span><\/p>\n<p><span style=\"font-family: Verdana; color: #fff;\">Rufen Sie uns an: <strong>07751-5446<\/strong><br \/>\n<\/span><\/p>\n<\/div>\n<\/div>\n<\/div>\n<div class=\"kontaktformularbg\">\n<h2 class=\"h2-form\">Kontaktformular<\/h2>\n<p>[ninja_forms_display_form id=1]<\/p>\n<\/div>\n","protected":false},"excerpt":{"rendered":"<p>Dieses Paket eignet sich f\u00fcr jeden Beamten, der eine Fr\u00fchpensionierung (z.B. aufgrund psychischer \u00dcberlastung) anstrebt und der von Anfang an im Sinne seines Zieles \u201ealles richtig\u201c machen und Fehler vermeiden m\u00f6chte. Unser Paket beinhaltet umfangreichste schriftliche Unterlagen f\u00fcr alle nur denkbaren Situationen auf Ihrem Weg in die Dienstunf\u00e4higkeit sowie die komplette Betreuung und unlimitierte Beratung, [&hellip;]<\/p>\n","protected":false},"author":5,"featured_media":0,"parent":542,"menu_order":6,"comment_status":"closed","ping_status":"closed","template":"","meta":[],"_links":{"self":[{"href":"https:\/\/lehrer-fruehrente.de\/index.php?rest_route=\/wp\/v2\/pages\/543"}],"collection":[{"href":"https:\/\/lehrer-fruehrente.de\/index.php?rest_route=\/wp\/v2\/pages"}],"about":[{"href":"https:\/\/lehrer-fruehrente.de\/index.php?rest_route=\/wp\/v2\/types\/page"}],"author":[{"embeddable":true,"href":"https:\/\/lehrer-fruehrente.de\/index.php?rest_route=\/wp\/v2\/users\/5"}],"replies":[{"embeddable":true,"href":"https:\/\/lehrer-fruehrente.de\/index.php?rest_route=%2Fwp%2Fv2%2Fcomments&post=543"}],"version-history":[{"count":9,"href":"https:\/\/lehrer-fruehrente.de\/index.php?rest_route=\/wp\/v2\/pages\/543\/revisions"}],"predecessor-version":[{"id":1124,"href":"https:\/\/lehrer-fruehrente.de\/index.php?rest_route=\/wp\/v2\/pages\/543\/revisions\/1124"}],"up":[{"embeddable":true,"href":"https:\/\/lehrer-fruehrente.de\/index.php?rest_route=\/wp\/v2\/pages\/542"}],"wp:attachment":[{"href":"https:\/\/lehrer-fruehrente.de\/index.php?rest_route=%2Fwp%2Fv2%2Fmedia&parent=543"}],"curies":[{"name":"wp","href":"https:\/\/api.w.org\/{rel}","templated":true}]}}