{"id":542,"date":"2015-08-25T14:10:11","date_gmt":"2015-08-25T14:10:11","guid":{"rendered":"http:\/\/lehrer-fruehrente.de\/?page_id=542"},"modified":"2015-08-25T14:10:11","modified_gmt":"2015-08-25T14:10:11","slug":"unsere-leistungen-2","status":"publish","type":"page","link":"https:\/\/lehrer-fruehrente.de\/?page_id=542","title":{"rendered":"Rundum-Sorglos-Paket"},"content":{"rendered":"<div class=\"art-content-layout\">\n<div class=\"art-content-layout-row\">\n<div class=\"art-layout-cell layout-item-0\" style=\"width: 100%\" >\n        <span style=\"font-family: Verdana;\"><\/p>\n<p>Unser Paket beinhaltet umfangreichste schriftliche Unterlagen f\u00fcr alle nur denkbaren Situationen auf Ihrem Weg in die Dienstunf\u00e4higkeit sowie die komplette Betreuung und unlimitierte Beratung, bis Ihre Dienstunf\u00e4higkeit erreicht ist.<\/p>\n<p>Es bietet die optimale Betreuung von Anfang an und stellt sicher, dass Ihre Beschwerden auch zu den entsprechenden Diagnosen f\u00fchren oder bestehende (Fehl)Diagnosen gegebenenfalls korrigiert werden. Wir helfen Ihnen, den richtigen Umgang mit Ihren \u00c4rzten, Fach\u00e4rzten oder auch Therapeuten zu finden.<\/p>\n<p>Wie l\u00e4uft das konkret ab? Schritt f\u00fcr Schritt, siehe folgendes Beispiel:<\/p>\n<p>Sie f\u00fchlen sich nicht mehr belastbar, sind unzufrieden oder leiden bereits an einer seelischen St\u00f6rung\/Erkrankung? Sie wollen oder m\u00fcssen die Rei\u00dfleine ziehen? Dann bereiten wir Sie auf den ersten Arztbesuch vor und sorgen somit daf\u00fcr, dass Sie sich so \u00e4u\u00dfern k\u00f6nnen, dass der Arzt auch gleich erkennt was Ihnen fehlt und die richtigen Schritte einleitet. Sie berichten uns von diesem Arztbesuch (was haben Sie gesagt, wie hat er reagiert, was hat er Ihnen verordnet, hat er Sie krankgeschrieben, hat er Sie \u00fcberwiesen usw.) und wir planen anhand Ihres Feedbacks den n\u00e4chsten Arztbesuch usw. usw. Sie sind nie alleingelassen, bis hin zur Amts\u00e4rztlichen Begutachtung.<br \/>Auf dem Weg in die Dienstunf\u00e4higkeit \u201edroht\u201c nicht selten eine vom Amtsarzt aufgezwungene Rehabilitationsma\u00dfnahme, siehe Beamtengesetz, \u00a7 46:<\/p>\n<p>\u201eBeamtinnen und Beamte sind verpflichtet, zur Wiederherstellung ihrer Dienstf\u00e4higkeit an geeigneten und zumutbaren gesundheitlichen und beruflichen Rehabilitationsma\u00dfnahmen teilzunehmen. Diese Verpflichtung gilt auch zur Vermeidung einer drohenden Dienstunf\u00e4higkeit. Vor der Versetzung in den Ruhestand sind sie auf diese Pflicht hinzuweisen\u2026\u2026\u201c<\/p>\n<p>Sicher begleiten wir Sie durch die intensive Zeit in der Rehabilitationma\u00dfnahme und helfen Ihnen sich so zu positionieren, dass der Entlassungsbericht in Ihrem Sinne ausf\u00e4llt. Sie erhalten von uns ausf\u00fchrliches weiterf\u00fchrendes schriftliches Material, welches Sie perfekt auf die Abl\u00e4ufe w\u00e4hrende der Reha vorbereitet. Sie werden auch \u00fcber alle zu erwartenden testpsychologischen Verfahren aufgekl\u00e4rt, inkl. L\u00f6sung. Diese Materialien erhalten Sie digital, also in der idealen Form um sie auf dem Smartphone abzuspeichern.<\/p>\n<p>W\u00e4hrend der Rehama\u00dfnahme sind Sie direkt und indirekt \u201eunter st\u00e4ndiger Beobachtung&#8220;, werden mit unz\u00e4hligen Therapiema\u00dfnahmen, aber auch mit Freizeitangeboten konfrontiert. Somit stellt der Aufenthalt in der Reha-Klinik eine riesige Chance auf dem Weg in Ihre Dienstunf\u00e4higkeit dar, die es zu nutzen gilt. Gleichzeitig kann die Reha aber auch Ihren Erfolg gef\u00e4hrden, wenn Sie die Fallstricke, die dort auf Sie warten, nicht erkennen. Vermutlich ahnen Sie gar nicht, welche scheinbaren Nebens\u00e4chlichkeiten in Ihrem Entlassungsbericht stehen werden! Ein Beispiel: \u201eDie Patientin klagte h\u00e4ufig \u00fcber ihre ausgepr\u00e4gten sozialen \u00c4ngsten, nahm aber das Mittagessen stets zusammen mit anderen Patienten ein. Dabei f\u00fchrte sie nicht selten lebhafte Gespr\u00e4che &#8230;&#8220;<\/p>\n<p>Die Reha-Betreuung ist der intensivste Teil der Zusammenarbeit mit uns. W\u00e4hrend der Rehabilitations-ma\u00dfnahme sind oft t\u00e4gliche Gespr\u00e4che notwendig \u00fcber einen Zeitraum von 4-6 Wochen.<\/p>\n<p>Nach der Reha bereiten wir Sie auf die amts\u00e4rztliche Begutachtung vor.<\/p>\n<p>Zu diesem Teil unserer Betreuung geh\u00f6rt wiederum ausf\u00fchrliches Informationsmaterial zur Vorbereitung auf die amts\u00e4rztliche Begutachtung. Dazu geh\u00f6ren auch unsere beliebten Lerngutachten. Dies sind entpersonifizierte Gutachten von Personen, die es auf eigene Faust versucht hatten und mit ihrem Vorhaben gescheitert sind.<\/p>\n<p>F\u00fcr unsere Kunden, die zus\u00e4tzlich eine private Berufsunf\u00e4higkeitsversicherung ohne echte Beamtenklausel haben, erfolgt zus\u00e4tzlich die Vorbereitung auf die besonders bei Versicherungsgutachtern so beliebten \u201eBeschwerdevalidierungstests\u201c, die dazu eingesetzt werden um &#8211; nett ausgedr\u00fcckt &#8211; \u201eVerdeutlichungstendenzen\u201c aufzudecken.<\/p>\n<p>Diese Gutachter machen aus Kranken im Sinne ihres Auftraggebers gerne Simulanten, in dem sie unter Zuhilfenahme dieser Tests nach \u201eInkonsistenzen\u201c in den Schilderungen ihrer \u201eOpfer\u201c fahnden. Unsere Kunden kennen alle diese Tests und auch deren Auswertung. Als Abschluss zur Vorbereitung erfolgt ein telefonisches Begutachtungstraining in Form eines Rollenspiels mit Feedback zu Ihren Schilderungen und Verbesserungsvorschl\u00e4gen.<br \/><span style=\"font-weight: bold;\"><\/span><\/span>\n    <\/div>\n<\/p><\/div>\n<\/div>\n<div class=\"art-content-layout\">\n<div class=\"art-content-layout-row\">\n<div class=\"art-layout-cell layout-item-1\" style=\"width: 100%\" >\n        <span style=\"font-family: Verdana; color: rgb(29, 92, 140);\"><span style=\"font-weight: bold; font-size: 14px;\"><br \/>\n         <span style=\"color: rgb(29, 92, 140);\"><br \/><\/span><\/span><\/span>\n    <\/div>\n<\/p><\/div>\n<\/div>\n","protected":false},"excerpt":{"rendered":"<p>Unser Paket beinhaltet umfangreichste schriftliche Unterlagen f\u00fcr alle nur denkbaren Situationen auf Ihrem Weg in die Dienstunf\u00e4higkeit sowie die komplette Betreuung und unlimitierte Beratung, bis Ihre Dienstunf\u00e4higkeit erreicht ist. Es bietet die optimale Betreuung von Anfang an und stellt sicher, dass Ihre Beschwerden auch zu den entsprechenden Diagnosen f\u00fchren oder bestehende (Fehl)Diagnosen gegebenenfalls korrigiert werden. [&hellip;]<\/p>\n","protected":false},"author":5,"featured_media":0,"parent":0,"menu_order":5,"comment_status":"closed","ping_status":"open","template":"","meta":[],"_links":{"self":[{"href":"https:\/\/lehrer-fruehrente.de\/index.php?rest_route=\/wp\/v2\/pages\/542"}],"collection":[{"href":"https:\/\/lehrer-fruehrente.de\/index.php?rest_route=\/wp\/v2\/pages"}],"about":[{"href":"https:\/\/lehrer-fruehrente.de\/index.php?rest_route=\/wp\/v2\/types\/page"}],"author":[{"embeddable":true,"href":"https:\/\/lehrer-fruehrente.de\/index.php?rest_route=\/wp\/v2\/users\/5"}],"replies":[{"embeddable":true,"href":"https:\/\/lehrer-fruehrente.de\/index.php?rest_route=%2Fwp%2Fv2%2Fcomments&post=542"}],"version-history":[{"count":0,"href":"https:\/\/lehrer-fruehrente.de\/index.php?rest_route=\/wp\/v2\/pages\/542\/revisions"}],"wp:attachment":[{"href":"https:\/\/lehrer-fruehrente.de\/index.php?rest_route=%2Fwp%2Fv2%2Fmedia&parent=542"}],"curies":[{"name":"wp","href":"https:\/\/api.w.org\/{rel}","templated":true}]}}