{"id":538,"date":"2015-08-25T14:10:07","date_gmt":"2015-08-25T14:10:07","guid":{"rendered":"http:\/\/lehrer-fruehrente.de\/?page_id=538"},"modified":"2015-08-25T14:10:07","modified_gmt":"2015-08-25T14:10:07","slug":"home-2","status":"publish","type":"page","link":"https:\/\/lehrer-fruehrente.de\/","title":{"rendered":"Home"},"content":{"rendered":"<div class=\"art-content-layout layout-item-0\">\n<div class=\"art-content-layout-row\">\n<div class=\"art-layout-cell layout-item-1\" style=\"width: 100%\" >\n<h1 style=\"text-align: left; padding-left: 80px; margin-left: -38px;\"><span style=\"font-family: Verdana;\"><span style=\"font-weight: bold; color: rgb(255, 255, 255); font-size: 26px;\">WIR HELFEN IHNEN<\/span><\/span><\/h1>\n<h1 style=\"padding-left: 80px; margin-left: -38px;\"><span style=\"font-family: Verdana;\"><span style=\"font-size: 9px; color: rgb(255, 255, 255);\">&nbsp;<\/span><span style=\"font-size: 14px; color: rgb(255, 255, 255);\"><span style=\"color: #FFFFFF;\">&#8211; wenn Ihr Job Sie \u201ekrank\u201c macht<\/span><\/span><\/span><\/h1>\n<p class=\"MsoNormal\" style=\"margin-bottom: 0.0001pt; padding-left: 40px;\"><span style=\"font-size: 14px; font-family: Verdana;\"><span style=\"color: #FFFFFF;\">&nbsp;&#8211; eine Fr\u00fchpensionierung Ihre Probleme l\u00f6sen w\u00fcrde<\/span><br \/><\/span><\/p>\n<p class=\"MsoNormal\" style=\"margin-bottom: 0.0001pt; padding-left: 40px;\"><span style=\"font-size: 14px; color: rgb(255, 255, 255); font-family: Verdana;\">&nbsp;&#8211; Sie als Beamter Ihren Dienstherren bzw. Amtsarzt&nbsp;von Ihrer<br \/>&nbsp; &nbsp;Dienstunf\u00e4higkeit&nbsp;\u00fcbererzeugen m\u00f6chten<\/span><\/p>\n<p class=\"MsoNormal\" style=\"margin-bottom: 0.0001pt; padding-left: 40px;\"><span style=\"font-size: 14px; color: rgb(255, 255, 255); font-family: Verdana;\">&nbsp;&#8211; Sie Ihre Berufsunf\u00e4higkeitsversicherung in&nbsp;Anspruch nehmen m\u00f6chten<br \/><\/span><\/p>\n<p class=\"MsoNormal\" style=\"margin-bottom: 0.0001pt; padding-left: 40px;\"><span style=\"font-size: 14px; color: rgb(255, 255, 255);\"><span style=\"font-family: Verdana;\">&nbsp;&#8211; Sie wieder ein erf\u00fclltes, harmonisches Leben&nbsp;f\u00fchren&nbsp;wollen<\/span><br \/><\/span><\/p>\n<p style=\"text-align: left;\"><span style=\"font-family: Verdana; font-size: 14px;\"><br \/><\/span><\/p>\n<p><span style=\"font-size: 14px;\"><span style=\"font-weight: bold;\"><span style=\"font-family: Verdana;\">&nbsp; &nbsp; &nbsp; &nbsp; &nbsp;Scheuen Sie sich nicht uns zu kontaktieren<br \/><\/span><\/span><\/span><span style=\"font-size: 14px; font-weight: bold; font-family: Verdana;\">&nbsp; &nbsp; &nbsp; &nbsp; &nbsp;<\/span><span style=\"color: rgb(182, 190, 35); font-family: Verdana, Geneva, Arial, Helvetica, sans-serif; font-size: 14px; font-weight: bold; line-height: 18px;\">Wir sind menschlich, unb\u00fcrokratisch, kreativ und kompetent&nbsp;<\/span>\n    <\/div>\n<\/p><\/div>\n<\/div>\n<div class=\"art-content-layout layout-item-2\">\n<div class=\"art-content-layout-row\">\n<div class=\"art-layout-cell layout-item-3\" style=\"width: 100%\" >\n<p><img decoding=\"async\" loading=\"lazy\" width=\"422\" height=\"281\" alt=\"\" class=\"art-lightbox\" src=\"http:\/\/lehrer-fruehrente.de\/wp-content\/uploads\/2015\/08\/Fotolia_23191151_M.jpg\" style=\"float: right; \"><\/p>\n<\/p><\/div>\n<\/p><\/div>\n<\/div>\n","protected":false},"excerpt":{"rendered":"<p>WIR HELFEN IHNEN &nbsp;&#8211; wenn Ihr Job Sie \u201ekrank\u201c macht &nbsp;&#8211; eine Fr\u00fchpensionierung Ihre Probleme l\u00f6sen w\u00fcrde &nbsp;&#8211; Sie als Beamter Ihren Dienstherren bzw. Amtsarzt&nbsp;von Ihrer&nbsp; &nbsp;Dienstunf\u00e4higkeit&nbsp;\u00fcbererzeugen m\u00f6chten &nbsp;&#8211; Sie Ihre Berufsunf\u00e4higkeitsversicherung in&nbsp;Anspruch nehmen m\u00f6chten &nbsp;&#8211; Sie wieder ein erf\u00fclltes, harmonisches Leben&nbsp;f\u00fchren&nbsp;wollen &nbsp; &nbsp; &nbsp; &nbsp; &nbsp;Scheuen Sie sich nicht uns zu kontaktieren&nbsp; &nbsp; &nbsp; [&hellip;]<\/p>\n","protected":false},"author":5,"featured_media":0,"parent":0,"menu_order":1,"comment_status":"closed","ping_status":"open","template":"","meta":[],"_links":{"self":[{"href":"https:\/\/lehrer-fruehrente.de\/index.php?rest_route=\/wp\/v2\/pages\/538"}],"collection":[{"href":"https:\/\/lehrer-fruehrente.de\/index.php?rest_route=\/wp\/v2\/pages"}],"about":[{"href":"https:\/\/lehrer-fruehrente.de\/index.php?rest_route=\/wp\/v2\/types\/page"}],"author":[{"embeddable":true,"href":"https:\/\/lehrer-fruehrente.de\/index.php?rest_route=\/wp\/v2\/users\/5"}],"replies":[{"embeddable":true,"href":"https:\/\/lehrer-fruehrente.de\/index.php?rest_route=%2Fwp%2Fv2%2Fcomments&post=538"}],"version-history":[{"count":1,"href":"https:\/\/lehrer-fruehrente.de\/index.php?rest_route=\/wp\/v2\/pages\/538\/revisions"}],"predecessor-version":[{"id":1103,"href":"https:\/\/lehrer-fruehrente.de\/index.php?rest_route=\/wp\/v2\/pages\/538\/revisions\/1103"}],"wp:attachment":[{"href":"https:\/\/lehrer-fruehrente.de\/index.php?rest_route=%2Fwp%2Fv2%2Fmedia&parent=538"}],"curies":[{"name":"wp","href":"https:\/\/api.w.org\/{rel}","templated":true}]}}