{"id":470,"date":"2015-08-25T14:30:14","date_gmt":"2015-08-25T14:30:14","guid":{"rendered":"http:\/\/lehrer-fruehrente.de\/?page_id=470"},"modified":"2015-08-25T14:30:14","modified_gmt":"2015-08-25T14:30:14","slug":"fruehrente-erklaer-video","status":"publish","type":"page","link":"https:\/\/lehrer-fruehrente.de\/?page_id=470","title":{"rendered":"Fr\u00fchrente Erkl\u00e4r Video"},"content":{"rendered":"<h1><strong>Fr\u00fchrente Erkl\u00e4r Video<\/strong><\/h1>\n<h2>Sie wollen in die Fr\u00fchrente gehen?<br \/>Wir unterst\u00fctzen Sie bei jedem Schritt. Mit uns k\u00f6nnen Sie offen sprechen.<\/h2>\n<div class=\"youtube\"><iframe loading=\"lazy\" src=\"https:\/\/www.youtube.com\/embed\/9KeI4JvX8Eo\" allowfullscreen=\"allowfullscreen\" frameborder=\"0\" height=\"315\" width=\"560\"><\/iframe><\/div>\n<\/p>\n<p>\u201cWir bieten individuelle Betreuung, auf Ihre pers\u00f6nliche Situation abgestimmt\u201d<\/p>\n<h2><strong> Wir freuen uns \u00fcber Ihren Anruf<\/strong><\/h2>\n<p>Montags bis Donnerstags von 9.00 \u2013 16.00 Uhr<br \/>und Freitags zwischen 9.00 \u2013 14.00 Uhr unter:&nbsp; <strong>0 77 51 \u2013 54 46<\/strong>.<\/p>\n","protected":false},"excerpt":{"rendered":"<p>Fr\u00fchrente Erkl\u00e4r Video Sie wollen in die Fr\u00fchrente gehen?Wir unterst\u00fctzen Sie bei jedem Schritt. Mit uns k\u00f6nnen Sie offen sprechen. \u201cWir bieten individuelle Betreuung, auf Ihre pers\u00f6nliche Situation abgestimmt\u201d Wir freuen uns \u00fcber Ihren Anruf Montags bis Donnerstags von 9.00 \u2013 16.00 Uhrund Freitags zwischen 9.00 \u2013 14.00 Uhr unter:&nbsp; 0 77 51 \u2013 54 [&hellip;]<\/p>\n","protected":false},"author":5,"featured_media":0,"parent":0,"menu_order":0,"comment_status":"open","ping_status":"open","template":"","meta":[],"_links":{"self":[{"href":"https:\/\/lehrer-fruehrente.de\/index.php?rest_route=\/wp\/v2\/pages\/470"}],"collection":[{"href":"https:\/\/lehrer-fruehrente.de\/index.php?rest_route=\/wp\/v2\/pages"}],"about":[{"href":"https:\/\/lehrer-fruehrente.de\/index.php?rest_route=\/wp\/v2\/types\/page"}],"author":[{"embeddable":true,"href":"https:\/\/lehrer-fruehrente.de\/index.php?rest_route=\/wp\/v2\/users\/5"}],"replies":[{"embeddable":true,"href":"https:\/\/lehrer-fruehrente.de\/index.php?rest_route=%2Fwp%2Fv2%2Fcomments&post=470"}],"version-history":[{"count":1,"href":"https:\/\/lehrer-fruehrente.de\/index.php?rest_route=\/wp\/v2\/pages\/470\/revisions"}],"predecessor-version":[{"id":471,"href":"https:\/\/lehrer-fruehrente.de\/index.php?rest_route=\/wp\/v2\/pages\/470\/revisions\/471"}],"wp:attachment":[{"href":"https:\/\/lehrer-fruehrente.de\/index.php?rest_route=%2Fwp%2Fv2%2Fmedia&parent=470"}],"curies":[{"name":"wp","href":"https:\/\/api.w.org\/{rel}","templated":true}]}}