{"id":129,"date":"2013-12-08T13:59:30","date_gmt":"2013-12-08T13:59:30","guid":{"rendered":"http:\/\/lehrer-fruehrente.de\/?page_id=129"},"modified":"2024-05-14T09:12:35","modified_gmt":"2024-05-14T09:12:35","slug":"kontakt-3","status":"publish","type":"page","link":"https:\/\/lehrer-fruehrente.de\/?page_id=129","title":{"rendered":"Kontakt"},"content":{"rendered":"<h2>Nehmen Sie unverbindlich Kontakt auf!<\/h2>\n<p>Bitte \u00fcber das folgende Formular Kontakt aufnehmen: https:\/\/schildroth.typeform.com\/to\/g8S8exku<\/p>\n<p>&nbsp;<\/p>\n<hr \/>\n<p>Bitte nutzen Sie das obige Kontaktformular oder unsere Konktaktdaten:<\/p>\n<p>Peter Zickenrott Informationsdienstleistungen<br \/>\nBeethovenstr. 15<br \/>\n79761 Waldshut-Tiengen<\/p>\n<p><em id=\"__mceDel\"><img decoding=\"async\" loading=\"lazy\" class=\"art-lightbox\" style=\"float: right; margin-right: 21px; border-width: 0px;\" src=\"http:\/\/lehrer-fruehrente.de\/wp-content\/uploads\/2013\/12\/20130618_113414.jpg\" alt=\"\" width=\"240\" height=\"180\" \/><\/em><\/p>\n<p><i>\u00a0<\/i><\/p>\n<p>Tel. 07751-5446<br \/>\nFax 07751-4944<br \/>\nKontakt: https:\/\/schildroth.typeform.com\/to\/g8S8exku<\/p>\n<p>Beratungszeiten:<\/p>\n<p>Montag &#8211;\u00a0Donnerstag\u00a0\u00a0 \u00a09:00 &#8211; 16:00<\/p>\n<p>Freitag\u00a0\u00a0\u00a0\u00a0\u00a0\u00a0\u00a0\u00a0\u00a0\u00a0\u00a0\u00a0\u00a0\u00a0\u00a0\u00a0\u00a0\u00a0\u00a0\u00a0\u00a0\u00a0\u00a0\u00a0\u00a0\u00a0 9:00\u00a0&#8211; 14:00<\/p>\n<p>Umsatzsteuer-Identifikationsnummer gem\u00e4\u00df \u00a7 27 a Umsatzsteuergesetz:<\/p>\n<p>DE 195409852<\/p>\n<p>Haftungsausschluss: Alle im Internet ver\u00f6ffentlichten Angaben und Informationen wurden nach bestem Wissen zusammengestellt und sorgf\u00e4ltig \u00fcberpr\u00fcft. Es besteht keine Gew\u00e4hr f\u00fcr Richtigkeit, Vollst\u00e4ndigkeit und Aktualit\u00e4t.<\/p>\n<p>Copyright: Der gesamte Inhalt der Webseiten ist urheberrechtlich gesch\u00fctzt. Jede Ver\u00e4nderung, Vervielf\u00e4ltigung, Verbreitung oder \u00f6ffentliche Wiedergabe (auch auszugsweise) ist unzul\u00e4ssig und bedarf der vorherigen Zustimmung.<\/p>\n","protected":false},"excerpt":{"rendered":"<p>Nehmen Sie unverbindlich Kontakt auf! Bitte \u00fcber das folgende Formular Kontakt aufnehmen: https:\/\/schildroth.typeform.com\/to\/g8S8exku &nbsp; Bitte nutzen Sie das obige Kontaktformular oder unsere Konktaktdaten: Peter Zickenrott Informationsdienstleistungen Beethovenstr. 15 79761 Waldshut-Tiengen \u00a0 Tel. 07751-5446 Fax 07751-4944 Kontakt: https:\/\/schildroth.typeform.com\/to\/g8S8exku Beratungszeiten: Montag &#8211;\u00a0Donnerstag\u00a0\u00a0 \u00a09:00 &#8211; 16:00 Freitag\u00a0\u00a0\u00a0\u00a0\u00a0\u00a0\u00a0\u00a0\u00a0\u00a0\u00a0\u00a0\u00a0\u00a0\u00a0\u00a0\u00a0\u00a0\u00a0\u00a0\u00a0\u00a0\u00a0\u00a0\u00a0\u00a0 9:00\u00a0&#8211; 14:00 Umsatzsteuer-Identifikationsnummer gem\u00e4\u00df \u00a7 27 a Umsatzsteuergesetz: DE 195409852 Haftungsausschluss: [&hellip;]<\/p>\n","protected":false},"author":5,"featured_media":0,"parent":0,"menu_order":11,"comment_status":"closed","ping_status":"closed","template":"","meta":[],"_links":{"self":[{"href":"https:\/\/lehrer-fruehrente.de\/index.php?rest_route=\/wp\/v2\/pages\/129"}],"collection":[{"href":"https:\/\/lehrer-fruehrente.de\/index.php?rest_route=\/wp\/v2\/pages"}],"about":[{"href":"https:\/\/lehrer-fruehrente.de\/index.php?rest_route=\/wp\/v2\/types\/page"}],"author":[{"embeddable":true,"href":"https:\/\/lehrer-fruehrente.de\/index.php?rest_route=\/wp\/v2\/users\/5"}],"replies":[{"embeddable":true,"href":"https:\/\/lehrer-fruehrente.de\/index.php?rest_route=%2Fwp%2Fv2%2Fcomments&post=129"}],"version-history":[{"count":6,"href":"https:\/\/lehrer-fruehrente.de\/index.php?rest_route=\/wp\/v2\/pages\/129\/revisions"}],"predecessor-version":[{"id":1126,"href":"https:\/\/lehrer-fruehrente.de\/index.php?rest_route=\/wp\/v2\/pages\/129\/revisions\/1126"}],"wp:attachment":[{"href":"https:\/\/lehrer-fruehrente.de\/index.php?rest_route=%2Fwp%2Fv2%2Fmedia&parent=129"}],"curies":[{"name":"wp","href":"https:\/\/api.w.org\/{rel}","templated":true}]}}